{"id":14,"date":"2025-12-01T12:25:22","date_gmt":"2025-12-01T12:25:22","guid":{"rendered":"https:\/\/pedrogonzalezestilista.rkinformatika.online\/?page_id=14"},"modified":"2025-12-02T17:54:07","modified_gmt":"2025-12-02T17:54:07","slug":"servicios","status":"publish","type":"page","link":"https:\/\/pedrogonzalezestilista.com\/eu\/servicios\/","title":{"rendered":"Zerbitzuak"},"content":{"rendered":"<div data-elementor-type=\"wp-page\" data-elementor-id=\"14\" class=\"elementor elementor-14\" data-elementor-post-type=\"page\">\n\t\t\t\t<div class=\"elementor-element elementor-element-18619ca e-flex e-con-boxed e-con e-parent\" data-id=\"18619ca\" data-element_type=\"container\" data-e-type=\"container\" data-settings=\"{&quot;background_background&quot;:&quot;classic&quot;}\">\n\t\t\t\t\t<div class=\"e-con-inner\">\n\t\t\t\t<div class=\"elementor-element elementor-element-dbd2b08 elementor-invisible elementor-widget elementor-widget-heading\" data-id=\"dbd2b08\" data-element_type=\"widget\" data-e-type=\"widget\" data-settings=\"{&quot;_animation&quot;:&quot;fadeInLeft&quot;}\" data-widget_type=\"heading.default\">\n\t\t\t\t\t<h2 class=\"elementor-heading-title elementor-size-default\">Zerbitzuak<\/h2>\t\t\t\t<\/div>\n\t\t\t\t<div class=\"elementor-element elementor-element-df34403 elementor-invisible elementor-widget elementor-widget-text-editor\" data-id=\"df34403\" data-element_type=\"widget\" data-e-type=\"widget\" data-settings=\"{&quot;_animation&quot;:&quot;fadeInUp&quot;}\" data-widget_type=\"text-editor.default\">\n\t\t\t\t\t\t\t\t\t<p>Ile-apainketa eta estetika<\/p>\t\t\t\t\t\t\t\t<\/div>\n\t\t\t\t\t<\/div>\n\t\t\t\t<\/div>\n\t\t<div class=\"elementor-element elementor-element-29d630b e-grid e-con-boxed e-con e-parent\" data-id=\"29d630b\" data-element_type=\"container\" data-e-type=\"container\">\n\t\t\t\t\t<div class=\"e-con-inner\">\n\t\t<div class=\"elementor-element elementor-element-7dc34c5 e-con-full e-flex e-con e-child\" data-id=\"7dc34c5\" data-element_type=\"container\" data-e-type=\"container\">\n\t\t\t\t<div class=\"elementor-element elementor-element-e004b9f elementor-widget elementor-widget-heading\" data-id=\"e004b9f\" data-element_type=\"widget\" data-e-type=\"widget\" data-widget_type=\"heading.default\">\n\t\t\t\t\t<h2 class=\"elementor-heading-title elementor-size-default\">Corte y Estilismo Personalizado<\/h2>\t\t\t\t<\/div>\n\t\t\t\t<div class=\"elementor-element elementor-element-2edb4ef elementor-widget elementor-widget-text-editor\" data-id=\"2edb4ef\" data-element_type=\"widget\" data-e-type=\"widget\" data-widget_type=\"text-editor.default\">\n\t\t\t\t\t\t\t\t\t<p>Cortes modernos, cl\u00e1sicos y a medida. Analizamos tu rostro, textura de cabello y estilo para crear un look que te favorezca.<\/p>\t\t\t\t\t\t\t\t<\/div>\n\t\t\t\t<\/div>\n\t\t<div class=\"elementor-element elementor-element-7c5acc4 e-con-full e-flex e-con e-child\" data-id=\"7c5acc4\" data-element_type=\"container\" data-e-type=\"container\">\n\t\t\t\t<div class=\"elementor-element elementor-element-e9616de elementor-widget elementor-widget-heading\" data-id=\"e9616de\" data-element_type=\"widget\" data-e-type=\"widget\" data-widget_type=\"heading.default\">\n\t\t\t\t\t<h2 class=\"elementor-heading-title elementor-size-default\">Coloraci\u00f3n Profesional<\/h2>\t\t\t\t<\/div>\n\t\t\t\t<div class=\"elementor-element elementor-element-46540ba elementor-widget elementor-widget-text-editor\" data-id=\"46540ba\" data-element_type=\"widget\" data-e-type=\"widget\" data-widget_type=\"text-editor.default\">\n\t\t\t\t\t\t\t\t\t<p>Mechas, balayage, reflejos, tintes y t\u00e9cnicas avanzadas para lograr colores luminosos, naturales y de larga duraci\u00f3n.<\/p>\t\t\t\t\t\t\t\t<\/div>\n\t\t\t\t<\/div>\n\t\t<div class=\"elementor-element elementor-element-56c502a e-con-full e-flex e-con e-child\" data-id=\"56c502a\" data-element_type=\"container\" data-e-type=\"container\">\n\t\t\t\t<div class=\"elementor-element elementor-element-02a81ed elementor-widget elementor-widget-heading\" data-id=\"02a81ed\" data-element_type=\"widget\" data-e-type=\"widget\" data-widget_type=\"heading.default\">\n\t\t\t\t\t<h2 class=\"elementor-heading-title elementor-size-default\">Peinados para Eventos<\/h2>\t\t\t\t<\/div>\n\t\t\t\t<div class=\"elementor-element elementor-element-4064802 elementor-widget elementor-widget-text-editor\" data-id=\"4064802\" data-element_type=\"widget\" data-e-type=\"widget\" data-widget_type=\"text-editor.default\">\n\t\t\t\t\t\t\t\t\t<p>Recogidos, ondas, peinados sofisticados o informales para bodas, fiestas y ocasiones especiales.<\/p>\t\t\t\t\t\t\t\t<\/div>\n\t\t\t\t<\/div>\n\t\t<div class=\"elementor-element elementor-element-d141622 e-con-full e-flex e-con e-child\" data-id=\"d141622\" data-element_type=\"container\" data-e-type=\"container\">\n\t\t\t\t<div class=\"elementor-element elementor-element-95d3312 elementor-widget elementor-widget-heading\" data-id=\"95d3312\" data-element_type=\"widget\" data-e-type=\"widget\" data-widget_type=\"heading.default\">\n\t\t\t\t\t<h2 class=\"elementor-heading-title elementor-size-default\">Tratamientos Capilares<\/h2>\t\t\t\t<\/div>\n\t\t\t\t<div class=\"elementor-element elementor-element-0437e48 elementor-widget elementor-widget-text-editor\" data-id=\"0437e48\" data-element_type=\"widget\" data-e-type=\"widget\" data-widget_type=\"text-editor.default\">\n\t\t\t\t\t\t\t\t\t<p>Hidrataci\u00f3n profunda, reparaci\u00f3n, keratina, tratamientos anti-encrespamiento y soluciones para cabello da\u00f1ado.<\/p>\t\t\t\t\t\t\t\t<\/div>\n\t\t\t\t<\/div>\n\t\t<div class=\"elementor-element elementor-element-e90f50b e-con-full e-flex e-con e-child\" data-id=\"e90f50b\" data-element_type=\"container\" data-e-type=\"container\">\n\t\t\t\t<div class=\"elementor-element elementor-element-0ca893c elementor-widget elementor-widget-heading\" data-id=\"0ca893c\" data-element_type=\"widget\" data-e-type=\"widget\" data-widget_type=\"heading.default\">\n\t\t\t\t\t<h2 class=\"elementor-heading-title elementor-size-default\">Alisados y Moldeados<\/h2>\t\t\t\t<\/div>\n\t\t\t\t<div class=\"elementor-element elementor-element-34611ba elementor-widget elementor-widget-text-editor\" data-id=\"34611ba\" data-element_type=\"widget\" data-e-type=\"widget\" data-widget_type=\"text-editor.default\">\n\t\t\t\t\t\t\t\t\t<p>Alisados permanentes, moldeados, rizos y t\u00e9cnicas para transformar la estructura del cabello manteniendo su salud.<\/p>\t\t\t\t\t\t\t\t<\/div>\n\t\t\t\t<\/div>\n\t\t<div class=\"elementor-element elementor-element-d249628 e-con-full e-flex e-con e-child\" data-id=\"d249628\" data-element_type=\"container\" data-e-type=\"container\">\n\t\t\t\t<div class=\"elementor-element elementor-element-3ea20c6 elementor-widget elementor-widget-heading\" data-id=\"3ea20c6\" data-element_type=\"widget\" data-e-type=\"widget\" data-widget_type=\"heading.default\">\n\t\t\t\t\t<h2 class=\"elementor-heading-title elementor-size-default\">Barber\u00eda y Cuidado Masculino<\/h2>\t\t\t\t<\/div>\n\t\t\t\t<div class=\"elementor-element elementor-element-b33b9ab elementor-widget elementor-widget-text-editor\" data-id=\"b33b9ab\" data-element_type=\"widget\" data-e-type=\"widget\" data-widget_type=\"text-editor.default\">\n\t\t\t\t\t\t\t\t\t<p>Arreglo de barba, cortes masculinos, afeitado y servicios pensados para resaltar la imagen del hombre actual.<\/p>\t\t\t\t\t\t\t\t<\/div>\n\t\t\t\t<\/div>\n\t\t\t\t\t<\/div>\n\t\t\t\t<\/div>\n\t\t<div class=\"elementor-element elementor-element-990f0f2 e-con-full e-flex e-con e-parent\" data-id=\"990f0f2\" data-element_type=\"container\" data-e-type=\"container\" data-settings=\"{&quot;background_background&quot;:&quot;classic&quot;}\">\n\t\t\t\t<div class=\"elementor-element elementor-element-39a7988 elementor-cta--skin-cover elementor-widget__width-inherit elementor-animated-content elementor-bg-transform elementor-bg-transform-zoom-in elementor-widget elementor-widget-call-to-action\" data-id=\"39a7988\" data-element_type=\"widget\" data-e-type=\"widget\" data-widget_type=\"call-to-action.default\">\n\t\t\t\t\t\t\t<div class=\"elementor-cta\">\n\t\t\t\t\t<div class=\"elementor-cta__bg-wrapper\">\n\t\t\t\t<div class=\"elementor-cta__bg elementor-bg\" style=\"background-image: url(https:\/\/pedrogonzalezestilista.com\/wp-content\/uploads\/2025\/12\/2148352942-1024x683.jpg);\" role=\"img\" aria-label=\"2148352942\"><\/div>\n\t\t\t\t<div class=\"elementor-cta__bg-overlay\"><\/div>\n\t\t\t<\/div>\n\t\t\t\t\t\t\t<div class=\"elementor-cta__content\">\n\t\t\t\t\n\t\t\t\t\t\t\t\t\t<h2 class=\"elementor-cta__title elementor-cta__content-item elementor-content-item elementor-animated-item--grow\">\n\t\t\t\t\t\tContacta con nosotros y descubre c\u00f3mo podemos ayudarte.\t\t\t\t\t<\/h2>\n\t\t\t\t\n\t\t\t\t\t\t\t\t\t<div class=\"elementor-cta__description elementor-cta__content-item elementor-content-item elementor-animated-item--grow\">\n\t\t\t\t\t\tReserva tu cita o consulta cualquier duda.\t\t\t\t\t<\/div>\n\t\t\t\t\n\t\t\t\t\t\t\t\t\t<div class=\"elementor-cta__button-wrapper elementor-cta__content-item elementor-content-item elementor-animated-item--grow\">\n\t\t\t\t\t<a class=\"elementor-cta__button elementor-button elementor-size-\" href=\"https:\/\/pedrogonzalezestilista.com\/eu\/contacto\/\">\n\t\t\t\t\t\tCONTACTO\t\t\t\t\t<\/a>\n\t\t\t\t\t<\/div>\n\t\t\t\t\t\t\t<\/div>\n\t\t\t\t\t\t<\/div>\n\t\t\t\t\t\t<\/div>\n\t\t\t\t<\/div>\n\t\t\t\t<\/div>","protected":false},"excerpt":{"rendered":"<p>Servicios Peluquer\u00eda y est\u00e9tica Corte y Estilismo Personalizado Cortes modernos, cl\u00e1sicos y a medida. Analizamos tu rostro, textura de cabello y estilo para crear un look que te favorezca. Coloraci\u00f3n Profesional Mechas, balayage, reflejos, tintes y t\u00e9cnicas avanzadas para lograr colores luminosos, naturales y de larga duraci\u00f3n. Peinados para Eventos Recogidos, ondas, peinados sofisticados o [&hellip;]<\/p>\n","protected":false},"author":1,"featured_media":0,"parent":0,"menu_order":0,"comment_status":"closed","ping_status":"closed","template":"elementor_canvas","meta":{"footnotes":""},"class_list":["post-14","page","type-page","status-publish","hentry"],"yoast_head":"<!-- This site is optimized with the Yoast SEO plugin v27.5 - https:\/\/yoast.com\/product\/yoast-seo-wordpress\/ -->\n<title>Servicios - Pedro Gonzalez Estilista<\/title>\n<meta name=\"robots\" content=\"index, follow, max-snippet:-1, max-image-preview:large, max-video-preview:-1\" \/>\n<link rel=\"canonical\" href=\"https:\/\/pedrogonzalezestilista.com\/eu\/servicios\/\" \/>\n<meta property=\"og:locale\" content=\"en_US\" \/>\n<meta property=\"og:type\" content=\"article\" \/>\n<meta property=\"og:title\" content=\"Servicios - Pedro Gonzalez Estilista\" \/>\n<meta property=\"og:description\" content=\"Servicios Peluquer\u00eda y est\u00e9tica Corte y Estilismo Personalizado Cortes modernos, cl\u00e1sicos y a medida. Analizamos tu rostro, textura de cabello y estilo para crear un look que te favorezca. Coloraci\u00f3n Profesional Mechas, balayage, reflejos, tintes y t\u00e9cnicas avanzadas para lograr colores luminosos, naturales y de larga duraci\u00f3n. Peinados para Eventos Recogidos, ondas, peinados sofisticados o [&hellip;]\" \/>\n<meta property=\"og:url\" content=\"https:\/\/pedrogonzalezestilista.com\/eu\/servicios\/\" \/>\n<meta property=\"og:site_name\" content=\"Pedro Gonzalez Estilista\" \/>\n<meta property=\"article:modified_time\" content=\"2025-12-02T17:54:07+00:00\" \/>\n<meta name=\"twitter:card\" content=\"summary_large_image\" \/>\n<meta name=\"twitter:label1\" content=\"Est. reading time\" \/>\n\t<meta name=\"twitter:data1\" content=\"1 minutua\" \/>\n<script type=\"application\/ld+json\" class=\"yoast-schema-graph\">{\"@context\":\"https:\\\/\\\/schema.org\",\"@graph\":[{\"@type\":\"WebPage\",\"@id\":\"https:\\\/\\\/pedrogonzalezestilista.com\\\/servicios\\\/\",\"url\":\"https:\\\/\\\/pedrogonzalezestilista.com\\\/servicios\\\/\",\"name\":\"Servicios - Pedro Gonzalez Estilista\",\"isPartOf\":{\"@id\":\"https:\\\/\\\/pedrogonzalezestilista.com\\\/#website\"},\"datePublished\":\"2025-12-01T12:25:22+00:00\",\"dateModified\":\"2025-12-02T17:54:07+00:00\",\"breadcrumb\":{\"@id\":\"https:\\\/\\\/pedrogonzalezestilista.com\\\/servicios\\\/#breadcrumb\"},\"inLanguage\":\"eu\",\"potentialAction\":[{\"@type\":\"ReadAction\",\"target\":[\"https:\\\/\\\/pedrogonzalezestilista.com\\\/servicios\\\/\"]}]},{\"@type\":\"BreadcrumbList\",\"@id\":\"https:\\\/\\\/pedrogonzalezestilista.com\\\/servicios\\\/#breadcrumb\",\"itemListElement\":[{\"@type\":\"ListItem\",\"position\":1,\"name\":\"Portada\",\"item\":\"https:\\\/\\\/pedrogonzalezestilista.com\\\/\"},{\"@type\":\"ListItem\",\"position\":2,\"name\":\"Servicios\"}]},{\"@type\":\"WebSite\",\"@id\":\"https:\\\/\\\/pedrogonzalezestilista.com\\\/#website\",\"url\":\"https:\\\/\\\/pedrogonzalezestilista.com\\\/\",\"name\":\"Pedro Gonzalez Estilista\",\"description\":\"Estilista\",\"publisher\":{\"@id\":\"https:\\\/\\\/pedrogonzalezestilista.com\\\/#organization\"},\"potentialAction\":[{\"@type\":\"SearchAction\",\"target\":{\"@type\":\"EntryPoint\",\"urlTemplate\":\"https:\\\/\\\/pedrogonzalezestilista.com\\\/?s={search_term_string}\"},\"query-input\":{\"@type\":\"PropertyValueSpecification\",\"valueRequired\":true,\"valueName\":\"search_term_string\"}}],\"inLanguage\":\"eu\"},{\"@type\":\"Organization\",\"@id\":\"https:\\\/\\\/pedrogonzalezestilista.com\\\/#organization\",\"name\":\"Pedro Gonzalez Estilista\",\"url\":\"https:\\\/\\\/pedrogonzalezestilista.com\\\/\",\"logo\":{\"@type\":\"ImageObject\",\"inLanguage\":\"eu\",\"@id\":\"https:\\\/\\\/pedrogonzalezestilista.com\\\/#\\\/schema\\\/logo\\\/image\\\/\",\"url\":\"https:\\\/\\\/pedrogonzalezestilista.com\\\/wp-content\\\/uploads\\\/2025\\\/12\\\/cropped-pedroestilista202506_logoarriba.jpg\",\"contentUrl\":\"https:\\\/\\\/pedrogonzalezestilista.com\\\/wp-content\\\/uploads\\\/2025\\\/12\\\/cropped-pedroestilista202506_logoarriba.jpg\",\"width\":346,\"height\":214,\"caption\":\"Pedro Gonzalez Estilista\"},\"image\":{\"@id\":\"https:\\\/\\\/pedrogonzalezestilista.com\\\/#\\\/schema\\\/logo\\\/image\\\/\"}}]}<\/script>\n<!-- \/ Yoast SEO plugin. -->","yoast_head_json":{"title":"Servicios - Pedro Gonzalez Estilista","robots":{"index":"index","follow":"follow","max-snippet":"max-snippet:-1","max-image-preview":"max-image-preview:large","max-video-preview":"max-video-preview:-1"},"canonical":"https:\/\/pedrogonzalezestilista.com\/eu\/servicios\/","og_locale":"en_US","og_type":"article","og_title":"Servicios - Pedro Gonzalez Estilista","og_description":"Servicios Peluquer\u00eda y est\u00e9tica Corte y Estilismo Personalizado Cortes modernos, cl\u00e1sicos y a medida. Analizamos tu rostro, textura de cabello y estilo para crear un look que te favorezca. Coloraci\u00f3n Profesional Mechas, balayage, reflejos, tintes y t\u00e9cnicas avanzadas para lograr colores luminosos, naturales y de larga duraci\u00f3n. Peinados para Eventos Recogidos, ondas, peinados sofisticados o [&hellip;]","og_url":"https:\/\/pedrogonzalezestilista.com\/eu\/servicios\/","og_site_name":"Pedro Gonzalez Estilista","article_modified_time":"2025-12-02T17:54:07+00:00","twitter_card":"summary_large_image","twitter_misc":{"Est. reading time":"1 minutua"},"schema":{"@context":"https:\/\/schema.org","@graph":[{"@type":"WebPage","@id":"https:\/\/pedrogonzalezestilista.com\/servicios\/","url":"https:\/\/pedrogonzalezestilista.com\/servicios\/","name":"Servicios - Pedro Gonzalez Estilista","isPartOf":{"@id":"https:\/\/pedrogonzalezestilista.com\/#website"},"datePublished":"2025-12-01T12:25:22+00:00","dateModified":"2025-12-02T17:54:07+00:00","breadcrumb":{"@id":"https:\/\/pedrogonzalezestilista.com\/servicios\/#breadcrumb"},"inLanguage":"eu","potentialAction":[{"@type":"ReadAction","target":["https:\/\/pedrogonzalezestilista.com\/servicios\/"]}]},{"@type":"BreadcrumbList","@id":"https:\/\/pedrogonzalezestilista.com\/servicios\/#breadcrumb","itemListElement":[{"@type":"ListItem","position":1,"name":"Portada","item":"https:\/\/pedrogonzalezestilista.com\/"},{"@type":"ListItem","position":2,"name":"Servicios"}]},{"@type":"WebSite","@id":"https:\/\/pedrogonzalezestilista.com\/#website","url":"https:\/\/pedrogonzalezestilista.com\/","name":"Pedro Gonzalez Estilista","description":"Estilista","publisher":{"@id":"https:\/\/pedrogonzalezestilista.com\/#organization"},"potentialAction":[{"@type":"SearchAction","target":{"@type":"EntryPoint","urlTemplate":"https:\/\/pedrogonzalezestilista.com\/?s={search_term_string}"},"query-input":{"@type":"PropertyValueSpecification","valueRequired":true,"valueName":"search_term_string"}}],"inLanguage":"eu"},{"@type":"Organization","@id":"https:\/\/pedrogonzalezestilista.com\/#organization","name":"Pedro Gonzalez Estilista","url":"https:\/\/pedrogonzalezestilista.com\/","logo":{"@type":"ImageObject","inLanguage":"eu","@id":"https:\/\/pedrogonzalezestilista.com\/#\/schema\/logo\/image\/","url":"https:\/\/pedrogonzalezestilista.com\/wp-content\/uploads\/2025\/12\/cropped-pedroestilista202506_logoarriba.jpg","contentUrl":"https:\/\/pedrogonzalezestilista.com\/wp-content\/uploads\/2025\/12\/cropped-pedroestilista202506_logoarriba.jpg","width":346,"height":214,"caption":"Pedro Gonzalez Estilista"},"image":{"@id":"https:\/\/pedrogonzalezestilista.com\/#\/schema\/logo\/image\/"}}]}},"_links":{"self":[{"href":"https:\/\/pedrogonzalezestilista.com\/eu\/wp-json\/wp\/v2\/pages\/14","targetHints":{"allow":["GET"]}}],"collection":[{"href":"https:\/\/pedrogonzalezestilista.com\/eu\/wp-json\/wp\/v2\/pages"}],"about":[{"href":"https:\/\/pedrogonzalezestilista.com\/eu\/wp-json\/wp\/v2\/types\/page"}],"author":[{"embeddable":true,"href":"https:\/\/pedrogonzalezestilista.com\/eu\/wp-json\/wp\/v2\/users\/1"}],"replies":[{"embeddable":true,"href":"https:\/\/pedrogonzalezestilista.com\/eu\/wp-json\/wp\/v2\/comments?post=14"}],"version-history":[{"count":49,"href":"https:\/\/pedrogonzalezestilista.com\/eu\/wp-json\/wp\/v2\/pages\/14\/revisions"}],"predecessor-version":[{"id":241,"href":"https:\/\/pedrogonzalezestilista.com\/eu\/wp-json\/wp\/v2\/pages\/14\/revisions\/241"}],"wp:attachment":[{"href":"https:\/\/pedrogonzalezestilista.com\/eu\/wp-json\/wp\/v2\/media?parent=14"}],"curies":[{"name":"wp","href":"https:\/\/api.w.org\/{rel}","templated":true}]}}