{"id":11,"date":"2025-12-01T12:22:36","date_gmt":"2025-12-01T12:22:36","guid":{"rendered":"https:\/\/pedrogonzalezestilista.rkinformatika.online\/?page_id=11"},"modified":"2025-12-02T17:52:31","modified_gmt":"2025-12-02T17:52:31","slug":"inicio","status":"publish","type":"page","link":"https:\/\/pedrogonzalezestilista.com\/eu\/","title":{"rendered":"Hasiera"},"content":{"rendered":"<div data-elementor-type=\"wp-page\" data-elementor-id=\"11\" class=\"elementor elementor-11\" data-elementor-post-type=\"page\">\n\t\t\t\t<div class=\"elementor-element elementor-element-5826e74 e-flex e-con-boxed e-con e-parent\" data-id=\"5826e74\" data-element_type=\"container\" data-e-type=\"container\" data-settings=\"{&quot;background_background&quot;:&quot;classic&quot;}\">\n\t\t\t\t\t<div class=\"e-con-inner\">\n\t\t\t\t<div class=\"elementor-element elementor-element-7bd4cea elementor-invisible elementor-widget elementor-widget-heading\" data-id=\"7bd4cea\" data-element_type=\"widget\" data-e-type=\"widget\" data-settings=\"{&quot;_animation&quot;:&quot;fadeInLeft&quot;}\" data-widget_type=\"heading.default\">\n\t\t\t\t\t<h2 class=\"elementor-heading-title elementor-size-default\">Moztu edo orraztu baino askoz gehiago<\/h2>\t\t\t\t<\/div>\n\t\t\t\t<div class=\"elementor-element elementor-element-8c83575 elementor-invisible elementor-widget elementor-widget-text-editor\" data-id=\"8c83575\" data-element_type=\"widget\" data-e-type=\"widget\" data-settings=\"{&quot;_animation&quot;:&quot;fadeInUp&quot;}\" data-widget_type=\"text-editor.default\">\n\t\t\t\t\t\t\t\t\t<p>Ile-apainketa eta estetika<\/p>\t\t\t\t\t\t\t\t<\/div>\n\t\t\t\t\t<\/div>\n\t\t\t\t<\/div>\n\t\t<div class=\"elementor-element elementor-element-28a424e e-flex e-con-boxed e-con e-parent\" data-id=\"28a424e\" data-element_type=\"container\" data-e-type=\"container\" data-settings=\"{&quot;background_background&quot;:&quot;classic&quot;}\">\n\t\t\t\t\t<div class=\"e-con-inner\">\n\t\t<div class=\"elementor-element elementor-element-ec8844d e-con-full e-flex e-con e-child\" data-id=\"ec8844d\" data-element_type=\"container\" data-e-type=\"container\">\n\t\t\t\t<div class=\"elementor-element elementor-element-9f4226b elementor-widget elementor-widget-heading\" data-id=\"9f4226b\" data-element_type=\"widget\" data-e-type=\"widget\" data-widget_type=\"heading.default\">\n\t\t\t\t\t<h2 class=\"elementor-heading-title elementor-size-default\">Guri Buruz<\/h2>\t\t\t\t<\/div>\n\t\t\t\t<div class=\"elementor-element elementor-element-94e929c elementor-widget elementor-widget-text-editor\" data-id=\"94e929c\" data-element_type=\"widget\" data-e-type=\"widget\" data-widget_type=\"text-editor.default\">\n\t\t\t\t\t\t\t\t\t<p data-start=\"248\" data-end=\"470\">Pedro Estilistan 32 urte baino gehiago daramatzagu Sestaon moda, estiloa eta irudi pertsonala sortzen. Gure pasioa ilea eta komunikatu dezakeen guztia da: nortasuna, indarra, nortasuna eta edertasuna.<\/p><p data-start=\"472\" data-end=\"746\">Hamarkada hauetan zehar, gure bezeroekin batera eboluzionatu dugu, gaur egungo teknikak txertatuz, bereizgarri dugun artisau- eta xehetasun-lanaren funtsa galdu gabe. Bisita bakoitza esperientzia pertsonalizatua da, eta entzun, aholkatu eta eraldatzen dugu.<\/p>\t\t\t\t\t\t\t\t<\/div>\n\t\t\t\t<\/div>\n\t\t<div class=\"elementor-element elementor-element-b60e1b7 e-con-full e-flex e-con e-child\" data-id=\"b60e1b7\" data-element_type=\"container\" data-e-type=\"container\">\n\t\t\t\t<div class=\"elementor-element elementor-element-c84a79d elementor-widget elementor-widget-image\" data-id=\"c84a79d\" data-element_type=\"widget\" data-e-type=\"widget\" data-widget_type=\"image.default\">\n\t\t\t\t\t\t\t\t\t\t\t\t\t\t\t<img fetchpriority=\"high\" decoding=\"async\" width=\"800\" height=\"534\" src=\"https:\/\/pedrogonzalezestilista.com\/wp-content\/uploads\/2025\/12\/6166-1024x683.jpg\" class=\"attachment-large size-large wp-image-183\" alt=\"\" srcset=\"https:\/\/pedrogonzalezestilista.com\/wp-content\/uploads\/2025\/12\/6166-1024x683.jpg 1024w, https:\/\/pedrogonzalezestilista.com\/wp-content\/uploads\/2025\/12\/6166-300x200.jpg 300w, https:\/\/pedrogonzalezestilista.com\/wp-content\/uploads\/2025\/12\/6166-768x512.jpg 768w, https:\/\/pedrogonzalezestilista.com\/wp-content\/uploads\/2025\/12\/6166-18x12.jpg 18w, https:\/\/pedrogonzalezestilista.com\/wp-content\/uploads\/2025\/12\/6166.jpg 1500w\" sizes=\"(max-width: 800px) 100vw, 800px\" \/>\t\t\t\t\t\t\t\t\t\t\t\t\t\t\t<\/div>\n\t\t\t\t<\/div>\n\t\t\t\t\t<\/div>\n\t\t\t\t<\/div>\n\t\t<div class=\"elementor-element elementor-element-b325970 e-con-full e-flex e-con e-parent\" data-id=\"b325970\" data-element_type=\"container\" data-e-type=\"container\" data-settings=\"{&quot;background_background&quot;:&quot;classic&quot;}\">\n\t\t\t\t<div class=\"elementor-element elementor-element-4289b06 elementor-cta--skin-cover elementor-widget__width-inherit elementor-animated-content elementor-bg-transform elementor-bg-transform-zoom-in elementor-widget elementor-widget-call-to-action\" data-id=\"4289b06\" data-element_type=\"widget\" data-e-type=\"widget\" data-widget_type=\"call-to-action.default\">\n\t\t\t\t\t\t\t<div class=\"elementor-cta\">\n\t\t\t\t\t<div class=\"elementor-cta__bg-wrapper\">\n\t\t\t\t<div class=\"elementor-cta__bg elementor-bg\" style=\"background-image: url(https:\/\/pedrogonzalezestilista.com\/wp-content\/uploads\/2025\/12\/2148352942-1024x683.jpg);\" role=\"img\" aria-label=\"2148352942\"><\/div>\n\t\t\t\t<div class=\"elementor-cta__bg-overlay\"><\/div>\n\t\t\t<\/div>\n\t\t\t\t\t\t\t<div class=\"elementor-cta__content\">\n\t\t\t\t\n\t\t\t\t\t\t\t\t\t<h2 class=\"elementor-cta__title elementor-cta__content-item elementor-content-item elementor-animated-item--grow\">\n\t\t\t\t\t\tUtzi zaintzen 30 urtetik gorako esperientzia.\t\t\t\t\t<\/h2>\n\t\t\t\t\n\t\t\t\t\t\t\t\t\t<div class=\"elementor-cta__description elementor-cta__content-item elementor-content-item elementor-animated-item--grow\">\n\t\t\t\t\t\tEbaki bat, kolore bat, estilo bat... eta zu, berritua.\t\t\t\t\t<\/div>\n\t\t\t\t\n\t\t\t\t\t\t\t\t\t<div class=\"elementor-cta__button-wrapper elementor-cta__content-item elementor-content-item elementor-animated-item--grow\">\n\t\t\t\t\t<a class=\"elementor-cta__button elementor-button elementor-size-\" href=\"https:\/\/pedrogonzalezestilista.com\/eu\/servicios\/\">\n\t\t\t\t\t\tZERBITZUAK\t\t\t\t\t<\/a>\n\t\t\t\t\t<\/div>\n\t\t\t\t\t\t\t<\/div>\n\t\t\t\t\t\t<\/div>\n\t\t\t\t\t\t<\/div>\n\t\t\t\t<\/div>\n\t\t\t\t<\/div>","protected":false},"excerpt":{"rendered":"<p>Mucho m\u00e1s que cortar o peinar Peluquer\u00eda y est\u00e9tica Sobre Nosotros En Pedro Estilista llevamos m\u00e1s de 32 a\u00f1os en Sestao dedicados a la creaci\u00f3n de moda, estilo e imagen personal. Nuestra pasi\u00f3n es el cabello y todo lo que puede comunicar: identidad, fuerza, personalidad y belleza. A lo largo de estas d\u00e9cadas, hemos evolucionado [&hellip;]<\/p>\n","protected":false},"author":1,"featured_media":0,"parent":0,"menu_order":0,"comment_status":"closed","ping_status":"closed","template":"elementor_canvas","meta":{"footnotes":""},"class_list":["post-11","page","type-page","status-publish","hentry"],"yoast_head":"<!-- This site is optimized with the Yoast SEO plugin v27.5 - https:\/\/yoast.com\/product\/yoast-seo-wordpress\/ -->\n<title>Inicio - Pedro Gonzalez Estilista<\/title>\n<meta name=\"robots\" content=\"index, follow, max-snippet:-1, max-image-preview:large, max-video-preview:-1\" \/>\n<link rel=\"canonical\" href=\"https:\/\/pedrogonzalezestilista.com\/eu\/\" \/>\n<meta property=\"og:locale\" content=\"en_US\" \/>\n<meta property=\"og:type\" content=\"article\" \/>\n<meta property=\"og:title\" content=\"Inicio - Pedro Gonzalez Estilista\" \/>\n<meta property=\"og:description\" content=\"Mucho m\u00e1s que cortar o peinar Peluquer\u00eda y est\u00e9tica Sobre Nosotros En Pedro Estilista llevamos m\u00e1s de 32 a\u00f1os en Sestao dedicados a la creaci\u00f3n de moda, estilo e imagen personal. Nuestra pasi\u00f3n es el cabello y todo lo que puede comunicar: identidad, fuerza, personalidad y belleza. A lo largo de estas d\u00e9cadas, hemos evolucionado [&hellip;]\" \/>\n<meta property=\"og:url\" content=\"https:\/\/pedrogonzalezestilista.com\/eu\/\" \/>\n<meta property=\"og:site_name\" content=\"Pedro Gonzalez Estilista\" \/>\n<meta property=\"article:modified_time\" content=\"2025-12-02T17:52:31+00:00\" \/>\n<meta property=\"og:image\" content=\"https:\/\/pedrogonzalezestilista.com\/wp-content\/uploads\/2025\/12\/6166-1024x683.jpg\" \/>\n<meta name=\"twitter:card\" content=\"summary_large_image\" \/>\n<meta name=\"twitter:label1\" content=\"Est. reading time\" \/>\n\t<meta name=\"twitter:data1\" content=\"1 minutua\" \/>\n<script type=\"application\/ld+json\" class=\"yoast-schema-graph\">{\"@context\":\"https:\\\/\\\/schema.org\",\"@graph\":[{\"@type\":\"WebPage\",\"@id\":\"https:\\\/\\\/pedrogonzalezestilista.com\\\/\",\"url\":\"https:\\\/\\\/pedrogonzalezestilista.com\\\/\",\"name\":\"Inicio - Pedro Gonzalez Estilista\",\"isPartOf\":{\"@id\":\"https:\\\/\\\/pedrogonzalezestilista.com\\\/#website\"},\"primaryImageOfPage\":{\"@id\":\"https:\\\/\\\/pedrogonzalezestilista.com\\\/#primaryimage\"},\"image\":{\"@id\":\"https:\\\/\\\/pedrogonzalezestilista.com\\\/#primaryimage\"},\"thumbnailUrl\":\"https:\\\/\\\/pedrogonzalezestilista.com\\\/wp-content\\\/uploads\\\/2025\\\/12\\\/6166-1024x683.jpg\",\"datePublished\":\"2025-12-01T12:22:36+00:00\",\"dateModified\":\"2025-12-02T17:52:31+00:00\",\"breadcrumb\":{\"@id\":\"https:\\\/\\\/pedrogonzalezestilista.com\\\/#breadcrumb\"},\"inLanguage\":\"eu\",\"potentialAction\":[{\"@type\":\"ReadAction\",\"target\":[\"https:\\\/\\\/pedrogonzalezestilista.com\\\/\"]}]},{\"@type\":\"ImageObject\",\"inLanguage\":\"eu\",\"@id\":\"https:\\\/\\\/pedrogonzalezestilista.com\\\/#primaryimage\",\"url\":\"https:\\\/\\\/pedrogonzalezestilista.com\\\/wp-content\\\/uploads\\\/2025\\\/12\\\/6166-1024x683.jpg\",\"contentUrl\":\"https:\\\/\\\/pedrogonzalezestilista.com\\\/wp-content\\\/uploads\\\/2025\\\/12\\\/6166-1024x683.jpg\"},{\"@type\":\"BreadcrumbList\",\"@id\":\"https:\\\/\\\/pedrogonzalezestilista.com\\\/#breadcrumb\",\"itemListElement\":[{\"@type\":\"ListItem\",\"position\":1,\"name\":\"Portada\",\"item\":\"https:\\\/\\\/pedrogonzalezestilista.com\\\/\"},{\"@type\":\"ListItem\",\"position\":2,\"name\":\"Inicio\"}]},{\"@type\":\"WebSite\",\"@id\":\"https:\\\/\\\/pedrogonzalezestilista.com\\\/#website\",\"url\":\"https:\\\/\\\/pedrogonzalezestilista.com\\\/\",\"name\":\"Pedro Gonzalez Estilista\",\"description\":\"Estilista\",\"publisher\":{\"@id\":\"https:\\\/\\\/pedrogonzalezestilista.com\\\/#organization\"},\"potentialAction\":[{\"@type\":\"SearchAction\",\"target\":{\"@type\":\"EntryPoint\",\"urlTemplate\":\"https:\\\/\\\/pedrogonzalezestilista.com\\\/?s={search_term_string}\"},\"query-input\":{\"@type\":\"PropertyValueSpecification\",\"valueRequired\":true,\"valueName\":\"search_term_string\"}}],\"inLanguage\":\"eu\"},{\"@type\":\"Organization\",\"@id\":\"https:\\\/\\\/pedrogonzalezestilista.com\\\/#organization\",\"name\":\"Pedro Gonzalez Estilista\",\"url\":\"https:\\\/\\\/pedrogonzalezestilista.com\\\/\",\"logo\":{\"@type\":\"ImageObject\",\"inLanguage\":\"eu\",\"@id\":\"https:\\\/\\\/pedrogonzalezestilista.com\\\/#\\\/schema\\\/logo\\\/image\\\/\",\"url\":\"https:\\\/\\\/pedrogonzalezestilista.com\\\/wp-content\\\/uploads\\\/2025\\\/12\\\/cropped-pedroestilista202506_logoarriba.jpg\",\"contentUrl\":\"https:\\\/\\\/pedrogonzalezestilista.com\\\/wp-content\\\/uploads\\\/2025\\\/12\\\/cropped-pedroestilista202506_logoarriba.jpg\",\"width\":346,\"height\":214,\"caption\":\"Pedro Gonzalez Estilista\"},\"image\":{\"@id\":\"https:\\\/\\\/pedrogonzalezestilista.com\\\/#\\\/schema\\\/logo\\\/image\\\/\"}}]}<\/script>\n<!-- \/ Yoast SEO plugin. -->","yoast_head_json":{"title":"Inicio - Pedro Gonzalez Estilista","robots":{"index":"index","follow":"follow","max-snippet":"max-snippet:-1","max-image-preview":"max-image-preview:large","max-video-preview":"max-video-preview:-1"},"canonical":"https:\/\/pedrogonzalezestilista.com\/eu\/","og_locale":"en_US","og_type":"article","og_title":"Inicio - Pedro Gonzalez Estilista","og_description":"Mucho m\u00e1s que cortar o peinar Peluquer\u00eda y est\u00e9tica Sobre Nosotros En Pedro Estilista llevamos m\u00e1s de 32 a\u00f1os en Sestao dedicados a la creaci\u00f3n de moda, estilo e imagen personal. Nuestra pasi\u00f3n es el cabello y todo lo que puede comunicar: identidad, fuerza, personalidad y belleza. A lo largo de estas d\u00e9cadas, hemos evolucionado [&hellip;]","og_url":"https:\/\/pedrogonzalezestilista.com\/eu\/","og_site_name":"Pedro Gonzalez Estilista","article_modified_time":"2025-12-02T17:52:31+00:00","og_image":[{"url":"https:\/\/pedrogonzalezestilista.com\/wp-content\/uploads\/2025\/12\/6166-1024x683.jpg","type":"","width":"","height":""}],"twitter_card":"summary_large_image","twitter_misc":{"Est. reading time":"1 minutua"},"schema":{"@context":"https:\/\/schema.org","@graph":[{"@type":"WebPage","@id":"https:\/\/pedrogonzalezestilista.com\/","url":"https:\/\/pedrogonzalezestilista.com\/","name":"Inicio - Pedro Gonzalez Estilista","isPartOf":{"@id":"https:\/\/pedrogonzalezestilista.com\/#website"},"primaryImageOfPage":{"@id":"https:\/\/pedrogonzalezestilista.com\/#primaryimage"},"image":{"@id":"https:\/\/pedrogonzalezestilista.com\/#primaryimage"},"thumbnailUrl":"https:\/\/pedrogonzalezestilista.com\/wp-content\/uploads\/2025\/12\/6166-1024x683.jpg","datePublished":"2025-12-01T12:22:36+00:00","dateModified":"2025-12-02T17:52:31+00:00","breadcrumb":{"@id":"https:\/\/pedrogonzalezestilista.com\/#breadcrumb"},"inLanguage":"eu","potentialAction":[{"@type":"ReadAction","target":["https:\/\/pedrogonzalezestilista.com\/"]}]},{"@type":"ImageObject","inLanguage":"eu","@id":"https:\/\/pedrogonzalezestilista.com\/#primaryimage","url":"https:\/\/pedrogonzalezestilista.com\/wp-content\/uploads\/2025\/12\/6166-1024x683.jpg","contentUrl":"https:\/\/pedrogonzalezestilista.com\/wp-content\/uploads\/2025\/12\/6166-1024x683.jpg"},{"@type":"BreadcrumbList","@id":"https:\/\/pedrogonzalezestilista.com\/#breadcrumb","itemListElement":[{"@type":"ListItem","position":1,"name":"Portada","item":"https:\/\/pedrogonzalezestilista.com\/"},{"@type":"ListItem","position":2,"name":"Inicio"}]},{"@type":"WebSite","@id":"https:\/\/pedrogonzalezestilista.com\/#website","url":"https:\/\/pedrogonzalezestilista.com\/","name":"Pedro Gonzalez Estilista","description":"Estilista","publisher":{"@id":"https:\/\/pedrogonzalezestilista.com\/#organization"},"potentialAction":[{"@type":"SearchAction","target":{"@type":"EntryPoint","urlTemplate":"https:\/\/pedrogonzalezestilista.com\/?s={search_term_string}"},"query-input":{"@type":"PropertyValueSpecification","valueRequired":true,"valueName":"search_term_string"}}],"inLanguage":"eu"},{"@type":"Organization","@id":"https:\/\/pedrogonzalezestilista.com\/#organization","name":"Pedro Gonzalez Estilista","url":"https:\/\/pedrogonzalezestilista.com\/","logo":{"@type":"ImageObject","inLanguage":"eu","@id":"https:\/\/pedrogonzalezestilista.com\/#\/schema\/logo\/image\/","url":"https:\/\/pedrogonzalezestilista.com\/wp-content\/uploads\/2025\/12\/cropped-pedroestilista202506_logoarriba.jpg","contentUrl":"https:\/\/pedrogonzalezestilista.com\/wp-content\/uploads\/2025\/12\/cropped-pedroestilista202506_logoarriba.jpg","width":346,"height":214,"caption":"Pedro Gonzalez Estilista"},"image":{"@id":"https:\/\/pedrogonzalezestilista.com\/#\/schema\/logo\/image\/"}}]}},"_links":{"self":[{"href":"https:\/\/pedrogonzalezestilista.com\/eu\/wp-json\/wp\/v2\/pages\/11","targetHints":{"allow":["GET"]}}],"collection":[{"href":"https:\/\/pedrogonzalezestilista.com\/eu\/wp-json\/wp\/v2\/pages"}],"about":[{"href":"https:\/\/pedrogonzalezestilista.com\/eu\/wp-json\/wp\/v2\/types\/page"}],"author":[{"embeddable":true,"href":"https:\/\/pedrogonzalezestilista.com\/eu\/wp-json\/wp\/v2\/users\/1"}],"replies":[{"embeddable":true,"href":"https:\/\/pedrogonzalezestilista.com\/eu\/wp-json\/wp\/v2\/comments?post=11"}],"version-history":[{"count":37,"href":"https:\/\/pedrogonzalezestilista.com\/eu\/wp-json\/wp\/v2\/pages\/11\/revisions"}],"predecessor-version":[{"id":232,"href":"https:\/\/pedrogonzalezestilista.com\/eu\/wp-json\/wp\/v2\/pages\/11\/revisions\/232"}],"wp:attachment":[{"href":"https:\/\/pedrogonzalezestilista.com\/eu\/wp-json\/wp\/v2\/media?parent=11"}],"curies":[{"name":"wp","href":"https:\/\/api.w.org\/{rel}","templated":true}]}}